{"id":72,"date":"2020-11-29T15:52:46","date_gmt":"2020-11-29T14:52:46","guid":{"rendered":"https:\/\/stage.bea-neukoelln.de\/?page_id=72"},"modified":"2020-11-29T15:52:46","modified_gmt":"2020-11-29T14:52:46","slug":"datenschutzerklaerung-2","status":"publish","type":"page","link":"https:\/\/stage.bea-neukoelln.de\/index.php\/datenschutzerklaerung-2\/","title":{"rendered":"Datenschutzerkl\u00e4rung"},"content":{"rendered":"\n<p>Sehr geehrte Besucher*in,<\/p>\n\n\n\n<p>der Schutz Ihrer Daten ist uns wichtig.<br>Deswegen halten wir f\u00fcr Sie folgende Hinweise zum Datenschutz bereit.<\/p>\n\n\n\n<p>Der Bezirkselternausschuss Neuk\u00f6lln von Berlin (folgend auch BEA, wir, uns, unsere genannt) hat sich intensiv mit dem Datenschutz auseinandergesetzt.<\/p>\n\n\n\n<p><\/p>\n\n\n\n<p><strong>Personenbezogene Daten<br><\/strong>Unsere Seite ist so konzipiert, dass wir keine Personenbezogenen Daten erheben. Personenbezogene Daten sind Daten, die man einer bestimmten nat\u00fcrlichen Person zuordnen kann.&nbsp; Beispiele f\u00fcr personenbezogene Daten sind Ihr Name, Ihre E-Mail-Adresse und Ihre Anschrift. Es handelt sich also um Daten, die man eindeutig mit Ihrer Person in Verbindung bringen kann.<\/p>\n\n\n\n<p><strong>E-Mail<br><\/strong>Wenn Sie eine E-Mail senden, dann senden Sie automatisch personenbezogenen Daten mit. Ihre E-Mail-Adresse ist zum Beispiel einmalig und kann nur mit Ihnen in Verbindung gebracht werden. Ihre IP Adresse, den Zeitpunkt wann Sie die E-Mail versendet haben und weitere Daten sind im Header einer jeden E-Mail zu finden. Dar\u00fcber hinaus kann der Inhalt der E-Mail personenbezogene Daten beinhalten, wie zum Beispiel Ihr Name oder eine R\u00fcckrufnummer.<\/p>\n\n\n\n<p>E-Mails, die bei uns eingehen, werden auf einem Mailserver gespeichert und zum Zwecke der Bearbeitung mit einem Mail-Programm verarbeitet, gespeichert, um Ihr Anliegen beantworten zu k\u00f6nnen.<\/p>\n\n\n\n<p>Damit wir Ihr Anliegen beantworten k\u00f6nnen, m\u00fcssen Sie uns erlauben, Ihre Daten zu verarbeiten. Das ist \u00fcbrigens die Rechtsgrundlage daf\u00fcr, dass dies unser berechtigtes Interesse ist, warum wir Ihre Daten speichern und verarbeiten.<\/p>\n\n\n\n<p>Eine Weitergabe an au\u00dfenstehende Dritte erfolgt nur, wenn dies zur Abwicklung Ihres Kontaktwunsches notwendig ist, oder Sie dieses ausdr\u00fccklich w\u00fcnschen.<\/p>\n\n\n\n<p>Ihre Daten werden nicht ausgewertet und es wird auch kein Profil angelegt. Die Daten werden ausschlie\u00dflich zur Beantwortung Ihrer Anliegen verwendet.<\/p>\n\n\n\n<p>Wir speichern nur so lange Ihre Daten, solange es notwendig ist, Ihr Anliegen zu beantworten. Sobald der Zweck der Speicherung entf\u00e4llt, werden s\u00e4mtliche Daten, einschlie\u00dflich der E-Mails gel\u00f6scht. Bei erneuter Kontaktaufnahme kann es also notwendig sein, dass Sie uns Ihr Anliegen komplett neu auff\u00fchren m\u00fcssen.<\/p>\n\n\n\n<p>Der ungesicherte E-Mail-Versand wird oftmals mit dem Verschicken einer Postkarte verglichen. Somit k\u00f6nnen Ihre Daten von staatlichen oder kriminellen Organisationen unterwegs abgefangen, eingesehen, kopiert, gespeichert, ver\u00e4ndert oder verf\u00e4lscht werden. Diese Daten k\u00f6nnen zu Profilen zusammengef\u00fcgt werden. Dieses hat der BEA-Mitte nicht zu verantworten, da diese Form des Missbrauchs zwischen Ihrem Versenden und unserem Empfang geschieht. Daher bitten wir Sie, uns keine geheimen oder empfindlichen Daten zuzusenden.<\/p>\n\n\n\n<p>Wenn Sie uns anschreiben, tun Sie das freiwillig.<\/p>\n\n\n\n<p>Sie der Speicherung Ihrer personenbezogenen Daten jederzeit widersprechen. Wir weisen Sie darauf hin, dass in diesem Fall Ihre Anfrage nicht weiter bearbeitet werden kann. Den Widerruf oder den Widerspruch k\u00f6nnen Sie entweder auf dem selben oder anderen Kontaktwege aussprchen. Bitte teilen Sie uns mit, ob Sie eine Best\u00e4tigung erhalten m\u00f6chten, wenn nicht, l\u00f6schen wir Ihre Daten und Mails umgehend.<\/p>\n\n\n\n<p><strong>Telefonischer, postalischer Kontakt<\/strong><br>Personenbezogene Daten, die bei telefonischer Kontaktaufnahme erfasst werden, werden zum Zwecke der Bearbeitung des Anliegens erhoben. Es kann ein Vorgang elektronisch, oder analog angelegt werden. Ebenso gilt dieses f\u00fcr eingegangene Post.<\/p>\n\n\n\n<p>Es besteht keine Verpflichtung personenbezogene Daten zur Verf\u00fcgung zu stellen. Allerdings ist eine Beantwortung Ihres Anliegens nur m\u00f6glich, wenn wir mit Ihnen Kontakt aufnehmen k\u00f6nnen.<\/p>\n\n\n\n<p>Reine Ausk\u00fcnfte per Telefon k\u00f6nnen ohne personenbezogene Daten auskommen. Wenn Sie lediglich eine Information, oder Kritik mitteilen wollen, ist dies auch ohne personenbezogene Daten m\u00f6glich.<\/p>\n\n\n\n<p><strong>Selbstverst\u00e4ndnis zu Personenbezogenen Daten<br><\/strong>Wir ver\u00e4u\u00dfern niemals Ihre personenbezogenen Daten, wir geben keine Daten an Dritte. Wir verkaufen noch verschenken wir diese. Wir haben auch nicht vor, Ihre Daten zu sammeln noch zu analysieren. Und wir nutzen auch diese Daten nicht f\u00fcr Werbezwecke oder Optimierungen. Und die Preisgabe Ihrer personenbezogenen Daten geschieht immer freiwillig!<\/p>\n\n\n\n<p><strong>Statistik<br><\/strong>Beim Aufrufen unserer Website bea-mitte.de werden durch Ihren Browser automatisch Informationen an den Server unserer Website gesendet. Diese Informationen werden in \u201eServer-Logfiles\u201c bis zur automatischen L\u00f6schung gespeichert:<\/p>\n\n\n\n<p>Besuchte Website, Uhrzeit zum Zeitpunkt des Zugriffes, Menge der gesendeten Daten in Byte, Quelle\/Verweis, von welchem Sie auf die Seite gelangten, Verwendeter Browser, Verwendetes Betriebssystem, Verwendete IP-Adresse.<\/p>\n\n\n\n<p>Die genannten Daten werden durch uns zu folgenden Zwecken verar\u00adbeitet: Gew\u00e4hrleistung eines reibungslosen Verbindungsaufbaus der Website,Gew\u00e4hrleistung einer komfortablen Nutzung unserer Website, Auswertung der Systemsicherheit und -stabilit\u00e4t sowie, zu weiteren administrativen Zwecken.<\/p>\n\n\n\n<p>Da die abrufende IP-Adresse nicht gespeichert wird, sind die Daten in der Protokolldatei nicht personenbezogen. Wir k\u00f6nnen also nicht nachvollziehen, welche Person genau auf unseren Seiten verweilt. In keinem Fall verwenden wir die erhobenen Daten zu dem Zweck, R\u00fcckschl\u00fcsse auf Ihre Person zu ziehen.<\/p>\n\n\n\n<p>Es werden keine personenbezogene Nutzerprofile angefertigt.<\/p>\n\n\n\n<p>Es findet keine Weitergabe an Dritte statt.<\/p>\n\n\n\n<p><strong>Auskunftsrecht, Berichtigung, Sperrung oder L\u00f6schung<br><\/strong>Sie haben ein Recht auf Auskunft. Dies umfasst zum Beispiel die zu Ihrer Person gespeicherten Daten, die wir \u00fcber Sie wissen, den Zweck und Ursprung der Speicherung, sowie ob und wie wir Ihre Daten weitergeben. Sie k\u00f6nnen zu jeder Zeit gerne Auskunft beantragen, die grunds\u00e4tzlich kostenlos ist.<\/p>\n\n\n\n<p>Wenn Sie eine Berichtigung, Sperrung, L\u00f6schung oder Auskunft \u00fcber die zu Ihrer Person gespeicherten personenbezogenen Daten w\u00fcnschen oder Fragen bzgl. der Erhebung, Verarbeitung oder Verwendung Ihrer personenbezogenen Daten haben oder erteilte Einwilligungen widerrufen m\u00f6chten, wenden Sie sich bitte an uns.<\/p>\n\n\n\n<p><strong>Webseiten Dritter<br><\/strong>Diese Datenschutzerkl\u00e4rung gilt nicht f\u00fcr Webseiten Dritter, die von uns nicht betrieben oder kontrolliert werden. Zum Beispiel f\u00fchrt das folgen eines Links zu einer anderen Webseite, so gelten deren Datenschutzbestimmungen. Wir empfehlen Ihnen, die Datenschutzhinweise auf deren Webseiten zu lesen, um herauszufinden, wie diese mit Ihren personenbezogenen Daten umgehen.<\/p>\n\n\n\n<p><strong>Kommentarfunktion<br><\/strong>Wir haben die Kommentarfunktion abgeschaltet.<br>M\u00f6chten Sie dennoch Kommentieren, nutzen Sie bitte das Facebookangebot oder schreiben uns eine E-Mail.<\/p>\n\n\n\n<p><strong>Emojis, Avatare<br><\/strong>Emojis sind die kleinen Bildchen, ein lachendes oder weinendes Smiley sind die wohl ber\u00fchmtesten.<br>Avatare sind kleine Bildchen in Kommentaren. Wir haben die Funktione abgeschaltet.<\/p>\n\n\n\n<p><strong>Social-Media-Buttons, Analysen-Tools &amp; Co.<br><\/strong>Wir nutzen keine Social-Media-Buttons, Analysen-Tools oder \u00e4hnliches.<\/p>\n\n\n\n<p>Was Sie bei uns finden, sind Links zu entsprechenden Social Media Webseiten, wie zum Beispiel Facebook oder Twitter. Wenn Sie nicht darauf klicken, werden auch keine Daten an die Webseitenbetreiber gesendet. Es gelten auf den Seiten dieser Anbieter die Datenschutzregeln der jeweiligen Anbieter.<\/p>\n\n\n\n<p><strong>Neue Technologien<br><\/strong>Durch neue Technologien, sowie eine st\u00e4ndige Weiterentwicklung unserer Webseite wird auch diese Datenschutzerkl\u00e4rung st\u00e4ndig angepasst. Wir empfehlen Ihnen daher die Datenschutzerkl\u00e4rung in regelm\u00e4\u00dfigen Abst\u00e4nden durchzulesen.<\/p>\n\n\n\n<p><strong>Cookies<br><\/strong>Das Besuchen diese Seiten geschieht anonym. Es werden keine Cookies gesetzt.<\/p>\n","protected":false},"excerpt":{"rendered":"<p>Sehr geehrte Besucher*in, der Schutz Ihrer Daten ist uns wichtig.Deswegen halten wir f\u00fcr Sie folgende Hinweise zum Datenschutz bereit. Der Bezirkselternausschuss Neuk\u00f6lln von Berlin (folgend auch BEA, wir, uns, unsere genannt) hat sich intensiv mit dem Datenschutz auseinandergesetzt. Personenbezogene DatenUnsere Seite ist so konzipiert, dass wir keine Personenbezogenen Daten erheben. Personenbezogene Daten sind Daten, die [&hellip;]<\/p>\n","protected":false},"author":1,"featured_media":0,"parent":0,"menu_order":0,"comment_status":"closed","ping_status":"closed","template":"","meta":[],"_links":{"self":[{"href":"https:\/\/stage.bea-neukoelln.de\/index.php\/wp-json\/wp\/v2\/pages\/72"}],"collection":[{"href":"https:\/\/stage.bea-neukoelln.de\/index.php\/wp-json\/wp\/v2\/pages"}],"about":[{"href":"https:\/\/stage.bea-neukoelln.de\/index.php\/wp-json\/wp\/v2\/types\/page"}],"author":[{"embeddable":true,"href":"https:\/\/stage.bea-neukoelln.de\/index.php\/wp-json\/wp\/v2\/users\/1"}],"replies":[{"embeddable":true,"href":"https:\/\/stage.bea-neukoelln.de\/index.php\/wp-json\/wp\/v2\/comments?post=72"}],"version-history":[{"count":1,"href":"https:\/\/stage.bea-neukoelln.de\/index.php\/wp-json\/wp\/v2\/pages\/72\/revisions"}],"predecessor-version":[{"id":73,"href":"https:\/\/stage.bea-neukoelln.de\/index.php\/wp-json\/wp\/v2\/pages\/72\/revisions\/73"}],"wp:attachment":[{"href":"https:\/\/stage.bea-neukoelln.de\/index.php\/wp-json\/wp\/v2\/media?parent=72"}],"curies":[{"name":"wp","href":"https:\/\/api.w.org\/{rel}","templated":true}]}}